{"id":5,"date":"2023-11-29T17:12:02","date_gmt":"2023-11-29T16:12:02","guid":{"rendered":"https:\/\/colicourt.com\/?page_id=5"},"modified":"2023-12-01T17:43:01","modified_gmt":"2023-12-01T16:43:01","slug":"colicourt","status":"publish","type":"page","link":"https:\/\/colicourt.com\/","title":{"rendered":"CoLiCourt : COllectes et LIvraisons B\u00b2B en Circuit COURT"},"content":{"rendered":"\n<h2 class=\"wp-block-heading has-text-align-center has-large-font-size\" style=\"font-style:normal;font-weight:400\"><em>Cultivons l&#8217;efficience et la r\u00e9silience territoriale<\/em><\/h2>\n\n\n\n<p class=\"has-text-align-center\">Bienvenue sur CoLiCourt !<\/p>\n\n\n\n<p class=\"has-text-align-center\"><strong>Nos \u00e9quipes <\/strong><strong>CoLiCourt<\/strong><strong> s&#8217;activent pour mettre en ligne nos <\/strong><strong>nouvelles<\/strong><strong> fonctionnalit\u00e9s !<\/strong><\/p>\n\n\n\n<p class=\"has-text-align-center\"><strong>Notre plateforme sera accessible dans quelques jours.<\/strong><\/p>\n\n\n\n<p class=\"has-text-align-center\">En attendant, vous pouvez nous envoyer un petit message :<br>contact@colicourt.fr<br>+ 33 661 337 356<\/p>\n\n\n\n<p class=\"has-text-align-center\"><strong>Synchronicity cr\u00e9ateur de flux coop\u00e9ratifs au service de territoires durables<\/strong><\/p>\n\n\n\n<p class=\"has-text-align-center\"><a href=\"https:\/\/synchronicity-sas.team\/\" target=\"_blank\" rel=\"noreferrer noopener\">https:\/\/synchronicity-sas.team\/<\/a><\/p>\n","protected":false},"excerpt":{"rendered":"<p>Cultivons l&#8217;efficience et la r\u00e9silience territoriale Bienvenue sur CoLiCourt ! Nos \u00e9quipes CoLiCourt s&#8217;activent pour mettre en ligne nos nouvelles fonctionnalit\u00e9s ! Notre plateforme sera accessible dans quelques jours. En attendant, vous pouvez nous envoyer un petit message :contact@colicourt.fr+ 33 661 337 356 Synchronicity cr\u00e9ateur de flux coop\u00e9ratifs au service de territoires durables https:\/\/synchronicity-sas.team\/<\/p>\n","protected":false},"author":1,"featured_media":0,"parent":0,"menu_order":0,"comment_status":"closed","ping_status":"closed","template":"","meta":{"footnotes":""},"class_list":["post-5","page","type-page","status-publish","hentry"],"_links":{"self":[{"href":"https:\/\/colicourt.com\/index.php\/wp-json\/wp\/v2\/pages\/5","targetHints":{"allow":["GET"]}}],"collection":[{"href":"https:\/\/colicourt.com\/index.php\/wp-json\/wp\/v2\/pages"}],"about":[{"href":"https:\/\/colicourt.com\/index.php\/wp-json\/wp\/v2\/types\/page"}],"author":[{"embeddable":true,"href":"https:\/\/colicourt.com\/index.php\/wp-json\/wp\/v2\/users\/1"}],"replies":[{"embeddable":true,"href":"https:\/\/colicourt.com\/index.php\/wp-json\/wp\/v2\/comments?post=5"}],"version-history":[{"count":8,"href":"https:\/\/colicourt.com\/index.php\/wp-json\/wp\/v2\/pages\/5\/revisions"}],"predecessor-version":[{"id":111,"href":"https:\/\/colicourt.com\/index.php\/wp-json\/wp\/v2\/pages\/5\/revisions\/111"}],"wp:attachment":[{"href":"https:\/\/colicourt.com\/index.php\/wp-json\/wp\/v2\/media?parent=5"}],"curies":[{"name":"wp","href":"https:\/\/api.w.org\/{rel}","templated":true}]}}